{"id":11,"date":"2015-12-11T16:51:07","date_gmt":"2015-12-11T16:51:07","guid":{"rendered":"http:\/\/pharmadevelop.com.ar\/wp\/?page_id=11"},"modified":"2016-02-24T17:12:11","modified_gmt":"2016-02-24T20:12:11","slug":"servicios","status":"publish","type":"page","link":"https:\/\/pharmadevelop.com.ar\/wp\/servicios\/","title":{"rendered":"Servicios"},"content":{"rendered":"<p style=\"text-align: justify;\"><strong><em>PharmaDevelop\u00ae<\/em><\/strong> \u00a0ofrece servicios de manufactura integral a terceros en las siguientes formas farmac\u00e9uticas:<\/p>\n<p style=\"text-align: justify;\"><strong>Antibi\u00f3ticos Betalact\u00e1micos<\/strong>: Comprimidos, &#8211; Suspensiones Extempor\u00e1neas en \u00e1rea segregada y dedicada<\/p>\n<p style=\"text-align: justify;\"><strong>S\u00f3lidos<\/strong>: Comprimidos, Comprimidos Recubiertos, Film Coating, Suspensiones Extempor\u00e1neas<\/p>\n<p style=\"text-align: justify;\"><strong>L\u00edquidos<\/strong>: Jarabes, Gotas y Suspensiones<\/p>\n<p style=\"text-align: justify;\"><strong>Cremas<\/strong> y Pastas (Jeringas de uso oral)<\/p>\n<h5 style=\"text-align: center;\">Importantes empresas nacionales y multinacionales conf\u00edan sus productos para ser elaborados en \u00a0PharmaDevelop\u00ae<\/h5>\n<p><strong>\u00a0<\/strong><\/p>\n<p style=\"text-align: justify;\"><strong>Desarrollo Gal\u00e9nico<br \/>\n<\/strong>Consistente en la selecci\u00f3n farmac\u00e9utica, definici\u00f3n de la f\u00f3rmula cuali-cuantitativa del producto, dise\u00f1o del m\u00e9todo de fabricaci\u00f3n y definici\u00f3n de los controles que ser\u00e1n tenidos en cuenta durante el proceso.<\/p>\n<p style=\"text-align: justify;\"><strong>Scaling up<br \/>\n<\/strong>Todos los productos en desarrollo se elaboran a escala siguiendo los mismos procesos que los productos de l\u00ednea y posteriormente se realiza el scaling up en la Planta de Producci\u00f3n bajo su supervisi\u00f3n.<\/p>\n","protected":false},"excerpt":{"rendered":"<p>PharmaDevelop\u00ae \u00a0ofrece servicios de manufactura integral a terceros en las siguientes formas farmac\u00e9uticas: Antibi\u00f3ticos Betalact\u00e1micos: Comprimidos, &#8211; Suspensiones Extempor\u00e1neas en \u00e1rea segregada y dedicada S\u00f3lidos: Comprimidos, Comprimidos Recubiertos, Film Coating, Suspensiones Extempor\u00e1neas L\u00edquidos: Jarabes, Gotas y Suspensiones Cremas y Pastas (Jeringas de uso oral) Importantes empresas nacionales y multinacionales conf\u00edan sus productos para ser elaborados [&hellip;]<\/p>\n","protected":false},"author":2,"featured_media":0,"parent":0,"menu_order":0,"comment_status":"closed","ping_status":"closed","template":"","meta":{"ngg_post_thumbnail":0,"footnotes":""},"class_list":["post-11","page","type-page","status-publish","hentry"],"_links":{"self":[{"href":"https:\/\/pharmadevelop.com.ar\/wp\/wp-json\/wp\/v2\/pages\/11","targetHints":{"allow":["GET"]}}],"collection":[{"href":"https:\/\/pharmadevelop.com.ar\/wp\/wp-json\/wp\/v2\/pages"}],"about":[{"href":"https:\/\/pharmadevelop.com.ar\/wp\/wp-json\/wp\/v2\/types\/page"}],"author":[{"embeddable":true,"href":"https:\/\/pharmadevelop.com.ar\/wp\/wp-json\/wp\/v2\/users\/2"}],"replies":[{"embeddable":true,"href":"https:\/\/pharmadevelop.com.ar\/wp\/wp-json\/wp\/v2\/comments?post=11"}],"version-history":[{"count":3,"href":"https:\/\/pharmadevelop.com.ar\/wp\/wp-json\/wp\/v2\/pages\/11\/revisions"}],"predecessor-version":[{"id":137,"href":"https:\/\/pharmadevelop.com.ar\/wp\/wp-json\/wp\/v2\/pages\/11\/revisions\/137"}],"wp:attachment":[{"href":"https:\/\/pharmadevelop.com.ar\/wp\/wp-json\/wp\/v2\/media?parent=11"}],"curies":[{"name":"wp","href":"https:\/\/api.w.org\/{rel}","templated":true}]}}